{"id":560,"date":"2018-01-16T11:53:32","date_gmt":"2018-01-16T10:53:32","guid":{"rendered":"https:\/\/www.provence-savoies.com\/en\/?page_id=560"},"modified":"2018-01-16T11:53:32","modified_gmt":"2018-01-16T10:53:32","slug":"contact","status":"publish","type":"page","link":"https:\/\/www.provence-savoies.com\/en\/about\/contact\/","title":{"rendered":"Contact"},"content":{"rendered":"<p>[put_wpgm id=1]<\/p>\n<h2>Cabinet Provence Savoies<br \/>\nExpertise comptable \u2013 Commissariat aux Comptes<\/h2>\n<p>6 avenue Jonquerolles<br \/>\nZA de la Gare<br \/>\n13210 Saint-R\u00e9my de Provence<\/p>\n<p><strong>T\u00e9l\u00e9phone\u00a0:<\/strong> <a title=\"\" href=\"tel:+33490921278\">+33 (0)4 90 92 12 78<\/a><br \/>\n<strong>Fax\u00a0:<\/strong> +33 (0)4 90 92 75 58<br \/>\n<strong>E-mail :<\/strong> <a title=\"\" href=\"mailto:contact@provence-savoies.com\">contact@provence-savoies.com<\/a><\/p>\n","protected":false},"excerpt":{"rendered":"<p>[put_wpgm id=1] Cabinet Provence Savoies Expertise comptable \u2013 Commissariat aux Comptes 6 avenue Jonquerolles ZA de la Gare 13210 Saint-R\u00e9my de Provence T\u00e9l\u00e9phone\u00a0: +33 (0)4 90 92 12 78 Fax\u00a0: +33 (0)4 90 92 75 58 E-mail : contact@provence-savoies.com <a href=\"https:\/\/www.provence-savoies.com\/en\/about\/contact\/\" class=\"more-link\">En savoir +<i class=\"icon-arrow-line-right\"><\/i><\/a><\/p>\n","protected":false},"author":1,"featured_media":0,"parent":553,"menu_order":32,"comment_status":"closed","ping_status":"closed","template":"","meta":{"footnotes":""},"class_list":["post-560","page","type-page","status-publish","hentry"],"yoast_head":"<!-- This site is optimized with the Yoast SEO plugin v25.5 - https:\/\/yoast.com\/wordpress\/plugins\/seo\/ -->\n<title>Contact - Provence Savoies<\/title>\n<meta name=\"robots\" content=\"index, follow, max-snippet:-1, max-image-preview:large, max-video-preview:-1\" \/>\n<link rel=\"canonical\" href=\"https:\/\/www.provence-savoies.com\/en\/about\/contact\/\" \/>\n<meta property=\"og:locale\" content=\"en_US\" \/>\n<meta property=\"og:type\" content=\"article\" \/>\n<meta property=\"og:title\" content=\"Contact - Provence Savoies\" \/>\n<meta property=\"og:description\" content=\"[put_wpgm id=1] Cabinet Provence Savoies Expertise comptable \u2013 Commissariat aux Comptes 6 avenue Jonquerolles ZA de la Gare 13210 Saint-R\u00e9my de Provence T\u00e9l\u00e9phone\u00a0: +33 (0)4 90 92 12 78 Fax\u00a0: +33 (0)4 90 92 75 58 E-mail : contact@provence-savoies.com En savoir +\" \/>\n<meta property=\"og:url\" content=\"https:\/\/www.provence-savoies.com\/en\/about\/contact\/\" \/>\n<meta property=\"og:site_name\" content=\"Provence Savoies\" \/>\n<meta name=\"twitter:card\" content=\"summary_large_image\" \/>\n<script type=\"application\/ld+json\" class=\"yoast-schema-graph\">{\"@context\":\"https:\/\/schema.org\",\"@graph\":[{\"@type\":\"WebPage\",\"@id\":\"https:\/\/www.provence-savoies.com\/en\/about\/contact\/\",\"url\":\"https:\/\/www.provence-savoies.com\/en\/about\/contact\/\",\"name\":\"Contact - Provence Savoies\",\"isPartOf\":{\"@id\":\"https:\/\/www.provence-savoies.com\/en\/#website\"},\"datePublished\":\"2018-01-16T10:53:32+00:00\",\"breadcrumb\":{\"@id\":\"https:\/\/www.provence-savoies.com\/en\/about\/contact\/#breadcrumb\"},\"inLanguage\":\"en-US\",\"potentialAction\":[{\"@type\":\"ReadAction\",\"target\":[\"https:\/\/www.provence-savoies.com\/en\/about\/contact\/\"]}]},{\"@type\":\"BreadcrumbList\",\"@id\":\"https:\/\/www.provence-savoies.com\/en\/about\/contact\/#breadcrumb\",\"itemListElement\":[{\"@type\":\"ListItem\",\"position\":1,\"name\":\"Accueil\",\"item\":\"https:\/\/www.provence-savoies.com\/en\/\"},{\"@type\":\"ListItem\",\"position\":2,\"name\":\"About\",\"item\":\"https:\/\/www.provence-savoies.com\/en\/about\/\"},{\"@type\":\"ListItem\",\"position\":3,\"name\":\"Contact\"}]},{\"@type\":\"WebSite\",\"@id\":\"https:\/\/www.provence-savoies.com\/en\/#website\",\"url\":\"https:\/\/www.provence-savoies.com\/en\/\",\"name\":\"Provence Savoies\",\"description\":\"Expert comptable\",\"potentialAction\":[{\"@type\":\"SearchAction\",\"target\":{\"@type\":\"EntryPoint\",\"urlTemplate\":\"https:\/\/www.provence-savoies.com\/en\/?s={search_term_string}\"},\"query-input\":{\"@type\":\"PropertyValueSpecification\",\"valueRequired\":true,\"valueName\":\"search_term_string\"}}],\"inLanguage\":\"en-US\"}]}<\/script>\n<!-- \/ Yoast SEO plugin. -->","yoast_head_json":{"title":"Contact - Provence Savoies","robots":{"index":"index","follow":"follow","max-snippet":"max-snippet:-1","max-image-preview":"max-image-preview:large","max-video-preview":"max-video-preview:-1"},"canonical":"https:\/\/www.provence-savoies.com\/en\/about\/contact\/","og_locale":"en_US","og_type":"article","og_title":"Contact - Provence Savoies","og_description":"[put_wpgm id=1] Cabinet Provence Savoies Expertise comptable \u2013 Commissariat aux Comptes 6 avenue Jonquerolles ZA de la Gare 13210 Saint-R\u00e9my de Provence T\u00e9l\u00e9phone\u00a0: +33 (0)4 90 92 12 78 Fax\u00a0: +33 (0)4 90 92 75 58 E-mail : contact@provence-savoies.com En savoir +","og_url":"https:\/\/www.provence-savoies.com\/en\/about\/contact\/","og_site_name":"Provence Savoies","twitter_card":"summary_large_image","schema":{"@context":"https:\/\/schema.org","@graph":[{"@type":"WebPage","@id":"https:\/\/www.provence-savoies.com\/en\/about\/contact\/","url":"https:\/\/www.provence-savoies.com\/en\/about\/contact\/","name":"Contact - Provence Savoies","isPartOf":{"@id":"https:\/\/www.provence-savoies.com\/en\/#website"},"datePublished":"2018-01-16T10:53:32+00:00","breadcrumb":{"@id":"https:\/\/www.provence-savoies.com\/en\/about\/contact\/#breadcrumb"},"inLanguage":"en-US","potentialAction":[{"@type":"ReadAction","target":["https:\/\/www.provence-savoies.com\/en\/about\/contact\/"]}]},{"@type":"BreadcrumbList","@id":"https:\/\/www.provence-savoies.com\/en\/about\/contact\/#breadcrumb","itemListElement":[{"@type":"ListItem","position":1,"name":"Accueil","item":"https:\/\/www.provence-savoies.com\/en\/"},{"@type":"ListItem","position":2,"name":"About","item":"https:\/\/www.provence-savoies.com\/en\/about\/"},{"@type":"ListItem","position":3,"name":"Contact"}]},{"@type":"WebSite","@id":"https:\/\/www.provence-savoies.com\/en\/#website","url":"https:\/\/www.provence-savoies.com\/en\/","name":"Provence Savoies","description":"Expert comptable","potentialAction":[{"@type":"SearchAction","target":{"@type":"EntryPoint","urlTemplate":"https:\/\/www.provence-savoies.com\/en\/?s={search_term_string}"},"query-input":{"@type":"PropertyValueSpecification","valueRequired":true,"valueName":"search_term_string"}}],"inLanguage":"en-US"}]}},"_links":{"self":[{"href":"https:\/\/www.provence-savoies.com\/en\/wp-json\/wp\/v2\/pages\/560","targetHints":{"allow":["GET"]}}],"collection":[{"href":"https:\/\/www.provence-savoies.com\/en\/wp-json\/wp\/v2\/pages"}],"about":[{"href":"https:\/\/www.provence-savoies.com\/en\/wp-json\/wp\/v2\/types\/page"}],"author":[{"embeddable":true,"href":"https:\/\/www.provence-savoies.com\/en\/wp-json\/wp\/v2\/users\/1"}],"replies":[{"embeddable":true,"href":"https:\/\/www.provence-savoies.com\/en\/wp-json\/wp\/v2\/comments?post=560"}],"version-history":[{"count":1,"href":"https:\/\/www.provence-savoies.com\/en\/wp-json\/wp\/v2\/pages\/560\/revisions"}],"predecessor-version":[{"id":562,"href":"https:\/\/www.provence-savoies.com\/en\/wp-json\/wp\/v2\/pages\/560\/revisions\/562"}],"up":[{"embeddable":true,"href":"https:\/\/www.provence-savoies.com\/en\/wp-json\/wp\/v2\/pages\/553"}],"wp:attachment":[{"href":"https:\/\/www.provence-savoies.com\/en\/wp-json\/wp\/v2\/media?parent=560"}],"curies":[{"name":"wp","href":"https:\/\/api.w.org\/{rel}","templated":true}]}}